{"id":2,"date":"2024-08-09T22:30:11","date_gmt":"2024-08-09T20:30:11","guid":{"rendered":"http:\/\/hoepffner.info\/wordpress\/?page_id=2"},"modified":"2024-08-11T13:18:23","modified_gmt":"2024-08-11T11:18:23","slug":"page-d-exemple","status":"publish","type":"page","link":"http:\/\/hoepffner.info\/wordpress\/","title":{"rendered":"Accueil"},"content":{"rendered":" \n<div id=\"block-2902125e-6afc-4972-bfa1-72388edafb4f\" class=\"wp-block-gutenkit-container alignfull gkitdafb4f gutenkit-block\"><div class=\"gkit-block__inner\"><\/div><\/div>\n \n\n\n<blockquote class=\"wp-block-quote is-style-plain is-layout-flow wp-block-quote-is-layout-flow is-style-plain--1\">\n<p class=\"has-medium-font-size\">En utilisant de multiples supports, que ce soit la photographie, le film et la vid\u00e9o ou le num\u00e9rique et l\u2019interactivit\u00e9, je documente les activit\u00e9s humaines. Mon int\u00e9r\u00eat se porte principalement sur les pratiques artistiques et artisanales et leurs rapports \u00e0 l\u2019espace, qu\u2019il soit g\u00e9ographique, urbain ou sc\u00e9nique et au politique.<br>Je collabore avec C\u00e9cile Proust sur de nombreux spectacles et projets pour lesquels je prend en charge la sc\u00e9nographie et la r\u00e9alisation des images.<br>Je r\u00e9alise des films et des expositions de photographies en diff\u00e9rentes parties du monde, Je collabore avec des chercheur\u00b7es, des chor\u00e9graphes et des metteur\u00b7es en sc\u00e8ne pour cr\u00e9er des dispositifs visuels, sonores et interactifs destin\u00e9s au plateau.<br>Je travaille comme vid\u00e9aste, sc\u00e9nographe ou \u00e9clairagiste avec Dominique Boivin, Jean Boillot, Anne Collod, Rachid Ouramdane, Clara Chabalier, Joris Lacoste, Christine Bastin, Halory Goerger\u2026<br>Mon travail est montr\u00e9 dans de nombreux th\u00e9\u00e2tres, lieux d\u2019arts et festivals, dans diff\u00e9rents pays.<\/p>\n<\/blockquote>\n\n\n\n<p><\/p>\n","protected":false},"excerpt":{"rendered":"<p>En utilisant de multiples supports, que ce soit la photographie, le film et la vid\u00e9o ou le num\u00e9rique et l\u2019interactivit\u00e9, je documente les activit\u00e9s humaines. Mon int\u00e9r\u00eat se porte principalement sur les pratiques artistiques et artisanales et leurs rapports \u00e0 l\u2019espace, qu\u2019il soit g\u00e9ographique, urbain ou sc\u00e9nique et au politique.Je collabore avec C\u00e9cile Proust sur [&hellip;]<\/p>\n","protected":false},"author":1,"featured_media":0,"parent":0,"menu_order":0,"comment_status":"closed","ping_status":"open","template":"","meta":{"postBodyMargin":[],"postBodyPadding":[],"postBodyBackground":{"backgroundType":"classic","gradient":""},"footnotes":""},"class_list":["post-2","page","type-page","status-publish","hentry"],"_links":{"self":[{"href":"http:\/\/hoepffner.info\/wordpress\/wp-json\/wp\/v2\/pages\/2","targetHints":{"allow":["GET"]}}],"collection":[{"href":"http:\/\/hoepffner.info\/wordpress\/wp-json\/wp\/v2\/pages"}],"about":[{"href":"http:\/\/hoepffner.info\/wordpress\/wp-json\/wp\/v2\/types\/page"}],"author":[{"embeddable":true,"href":"http:\/\/hoepffner.info\/wordpress\/wp-json\/wp\/v2\/users\/1"}],"replies":[{"embeddable":true,"href":"http:\/\/hoepffner.info\/wordpress\/wp-json\/wp\/v2\/comments?post=2"}],"version-history":[{"count":6,"href":"http:\/\/hoepffner.info\/wordpress\/wp-json\/wp\/v2\/pages\/2\/revisions"}],"predecessor-version":[{"id":92,"href":"http:\/\/hoepffner.info\/wordpress\/wp-json\/wp\/v2\/pages\/2\/revisions\/92"}],"wp:attachment":[{"href":"http:\/\/hoepffner.info\/wordpress\/wp-json\/wp\/v2\/media?parent=2"}],"curies":[{"name":"wp","href":"https:\/\/api.w.org\/{rel}","templated":true}]}}